{"id":97,"date":"2025-09-10T18:21:03","date_gmt":"2025-09-10T18:21:03","guid":{"rendered":"http:\/\/sjtredk.cluster100.hosting.ovh.net\/?page_id=97"},"modified":"2025-09-17T11:28:35","modified_gmt":"2025-09-17T11:28:35","slug":"accueil","status":"publish","type":"page","link":"https:\/\/eab-thumaide.be\/","title":{"rendered":"Accueil"},"content":{"rendered":"\t\t<div data-elementor-type=\"wp-page\" data-elementor-id=\"97\" class=\"elementor elementor-97\">\n\t\t\t\t<div class=\"elementor-element elementor-element-b6f57ac e-flex e-con-boxed e-con e-parent\" data-id=\"b6f57ac\" data-element_type=\"container\">\n\t\t\t\t\t<div class=\"e-con-inner\">\n\t\t<div class=\"elementor-element elementor-element-25a468e e-con-full e-flex e-con e-child\" data-id=\"25a468e\" data-element_type=\"container\">\n\t\t\t\t<div class=\"elementor-element elementor-element-d19dce3 elementor-widget__width-initial elementor-widget elementor-widget-image\" data-id=\"d19dce3\" data-element_type=\"widget\" data-widget_type=\"image.default\">\n\t\t\t\t\t\t\t\t\t\t\t\t\t\t\t<img fetchpriority=\"high\" decoding=\"async\" width=\"584\" height=\"482\" src=\"https:\/\/eab-thumaide.be\/wp-content\/uploads\/2025\/09\/Logo-EAB-pour-impression-JPG-format-1024x845.jpg\" class=\"attachment-large size-large wp-image-134\" alt=\"\" srcset=\"https:\/\/eab-thumaide.be\/wp-content\/uploads\/2025\/09\/Logo-EAB-pour-impression-JPG-format-1024x845.jpg 1024w, https:\/\/eab-thumaide.be\/wp-content\/uploads\/2025\/09\/Logo-EAB-pour-impression-JPG-format-300x248.jpg 300w, https:\/\/eab-thumaide.be\/wp-content\/uploads\/2025\/09\/Logo-EAB-pour-impression-JPG-format-768x634.jpg 768w, https:\/\/eab-thumaide.be\/wp-content\/uploads\/2025\/09\/Logo-EAB-pour-impression-JPG-format-1536x1268.jpg 1536w, https:\/\/eab-thumaide.be\/wp-content\/uploads\/2025\/09\/Logo-EAB-pour-impression-JPG-format-2048x1690.jpg 2048w, https:\/\/eab-thumaide.be\/wp-content\/uploads\/2025\/09\/Logo-EAB-pour-impression-JPG-format-363x300.jpg 363w\" sizes=\"(max-width: 584px) 100vw, 584px\" \/>\t\t\t\t\t\t\t\t\t\t\t\t\t\t\t<\/div>\n\t\t\t\t<\/div>\n\t\t<div class=\"elementor-element elementor-element-307e654 e-con-full e-flex e-con e-child\" data-id=\"307e654\" data-element_type=\"container\">\n\t\t\t\t<div class=\"elementor-element elementor-element-b133f0e elementor-widget elementor-widget-text-editor\" data-id=\"b133f0e\" data-element_type=\"widget\" data-widget_type=\"text-editor.default\">\n\t\t\t\t\t\t\t\t\t<p>Le club d&rsquo;a\u00e9romod\u00e9lisme Equipe Acro Beloeil se situe sur la commune de Thumaide.<\/p><p>Il est accessible 7 jours sur 7 pour ses membres.<\/p><p>Les diff\u00e9rentes disciplines pratiqu\u00e9es au seins de notre a.s.b.l. sont:<\/p>\t\t\t\t\t\t\t\t<\/div>\n\t\t\t\t<\/div>\n\t\t\t\t\t<\/div>\n\t\t\t\t<\/div>\n\t\t<div class=\"elementor-element elementor-element-fd0c3a0 e-grid e-con-full e-con e-parent\" data-id=\"fd0c3a0\" data-element_type=\"container\">\n\t\t\t\t<div class=\"elementor-element elementor-element-330716c elementor-widget elementor-widget-image\" data-id=\"330716c\" data-element_type=\"widget\" data-widget_type=\"image.default\">\n\t\t\t\t\t\t\t\t\t\t\t\t\t\t\t<img decoding=\"async\" width=\"584\" height=\"390\" src=\"https:\/\/eab-thumaide.be\/wp-content\/uploads\/2025\/09\/536267869_1242499677675800_468844513034698308_n-1024x683.jpg\" class=\"attachment-large size-large wp-image-146\" alt=\"\" srcset=\"https:\/\/eab-thumaide.be\/wp-content\/uploads\/2025\/09\/536267869_1242499677675800_468844513034698308_n-1024x683.jpg 1024w, https:\/\/eab-thumaide.be\/wp-content\/uploads\/2025\/09\/536267869_1242499677675800_468844513034698308_n-300x200.jpg 300w, https:\/\/eab-thumaide.be\/wp-content\/uploads\/2025\/09\/536267869_1242499677675800_468844513034698308_n-768x512.jpg 768w, https:\/\/eab-thumaide.be\/wp-content\/uploads\/2025\/09\/536267869_1242499677675800_468844513034698308_n-1536x1024.jpg 1536w, https:\/\/eab-thumaide.be\/wp-content\/uploads\/2025\/09\/536267869_1242499677675800_468844513034698308_n-450x300.jpg 450w, https:\/\/eab-thumaide.be\/wp-content\/uploads\/2025\/09\/536267869_1242499677675800_468844513034698308_n.jpg 2048w\" sizes=\"(max-width: 584px) 100vw, 584px\" \/>\t\t\t\t\t\t\t\t\t\t\t\t\t\t\t<\/div>\n\t\t\t\t<div class=\"elementor-element elementor-element-f55ba92 elementor-widget elementor-widget-text-editor\" data-id=\"f55ba92\" data-element_type=\"widget\" data-widget_type=\"text-editor.default\">\n\t\t\t\t\t\t\t\t\t<p><strong>Avions thermiques et \u00e9lectriques<\/strong><\/p>\t\t\t\t\t\t\t\t<\/div>\n\t\t\t\t<div class=\"elementor-element elementor-element-41c1da1 elementor-widget elementor-widget-image\" data-id=\"41c1da1\" data-element_type=\"widget\" data-widget_type=\"image.default\">\n\t\t\t\t\t\t\t\t\t\t\t\t\t\t\t<img decoding=\"async\" width=\"584\" height=\"390\" src=\"https:\/\/eab-thumaide.be\/wp-content\/uploads\/2025\/09\/536278177_1242497937675974_5957902568091207464_n-1024x683.jpg\" class=\"attachment-large size-large wp-image-145\" alt=\"\" srcset=\"https:\/\/eab-thumaide.be\/wp-content\/uploads\/2025\/09\/536278177_1242497937675974_5957902568091207464_n-1024x683.jpg 1024w, https:\/\/eab-thumaide.be\/wp-content\/uploads\/2025\/09\/536278177_1242497937675974_5957902568091207464_n-300x200.jpg 300w, https:\/\/eab-thumaide.be\/wp-content\/uploads\/2025\/09\/536278177_1242497937675974_5957902568091207464_n-768x512.jpg 768w, https:\/\/eab-thumaide.be\/wp-content\/uploads\/2025\/09\/536278177_1242497937675974_5957902568091207464_n-1536x1024.jpg 1536w, https:\/\/eab-thumaide.be\/wp-content\/uploads\/2025\/09\/536278177_1242497937675974_5957902568091207464_n-450x300.jpg 450w, https:\/\/eab-thumaide.be\/wp-content\/uploads\/2025\/09\/536278177_1242497937675974_5957902568091207464_n.jpg 2048w\" sizes=\"(max-width: 584px) 100vw, 584px\" \/>\t\t\t\t\t\t\t\t\t\t\t\t\t\t\t<\/div>\n\t\t\t\t<div class=\"elementor-element elementor-element-b9a4b84 elementor-widget elementor-widget-text-editor\" data-id=\"b9a4b84\" data-element_type=\"widget\" data-widget_type=\"text-editor.default\">\n\t\t\t\t\t\t\t\t\t<p><strong>Jets\u00a0<\/strong><\/p>\t\t\t\t\t\t\t\t<\/div>\n\t\t\t\t<div class=\"elementor-element elementor-element-7de7728 elementor-widget elementor-widget-image\" data-id=\"7de7728\" data-element_type=\"widget\" data-widget_type=\"image.default\">\n\t\t\t\t\t\t\t\t\t\t\t\t\t\t\t<img loading=\"lazy\" decoding=\"async\" width=\"584\" height=\"390\" src=\"https:\/\/eab-thumaide.be\/wp-content\/uploads\/2025\/09\/536269655_1242498097675958_1352132910402771316_n-1024x683.jpg\" class=\"attachment-large size-large wp-image-144\" alt=\"\" srcset=\"https:\/\/eab-thumaide.be\/wp-content\/uploads\/2025\/09\/536269655_1242498097675958_1352132910402771316_n-1024x683.jpg 1024w, https:\/\/eab-thumaide.be\/wp-content\/uploads\/2025\/09\/536269655_1242498097675958_1352132910402771316_n-300x200.jpg 300w, https:\/\/eab-thumaide.be\/wp-content\/uploads\/2025\/09\/536269655_1242498097675958_1352132910402771316_n-768x512.jpg 768w, https:\/\/eab-thumaide.be\/wp-content\/uploads\/2025\/09\/536269655_1242498097675958_1352132910402771316_n-1536x1024.jpg 1536w, https:\/\/eab-thumaide.be\/wp-content\/uploads\/2025\/09\/536269655_1242498097675958_1352132910402771316_n-450x300.jpg 450w, https:\/\/eab-thumaide.be\/wp-content\/uploads\/2025\/09\/536269655_1242498097675958_1352132910402771316_n.jpg 2048w\" sizes=\"(max-width: 584px) 100vw, 584px\" \/>\t\t\t\t\t\t\t\t\t\t\t\t\t\t\t<\/div>\n\t\t\t\t<div class=\"elementor-element elementor-element-29f09b5 elementor-widget elementor-widget-text-editor\" data-id=\"29f09b5\" data-element_type=\"widget\" data-widget_type=\"text-editor.default\">\n\t\t\t\t\t\t\t\t\t<p><strong>H\u00e9licopt\u00e8res<\/strong><\/p>\t\t\t\t\t\t\t\t<\/div>\n\t\t\t\t<div class=\"elementor-element elementor-element-4700a5e elementor-widget elementor-widget-image\" data-id=\"4700a5e\" data-element_type=\"widget\" data-widget_type=\"image.default\">\n\t\t\t\t\t\t\t\t\t\t\t\t\t\t\t<img loading=\"lazy\" decoding=\"async\" width=\"584\" height=\"390\" src=\"https:\/\/eab-thumaide.be\/wp-content\/uploads\/2025\/09\/536275643_1242494221009679_4917518083793266977_n-1024x683.jpg\" class=\"attachment-large size-large wp-image-143\" alt=\"\" srcset=\"https:\/\/eab-thumaide.be\/wp-content\/uploads\/2025\/09\/536275643_1242494221009679_4917518083793266977_n-1024x683.jpg 1024w, https:\/\/eab-thumaide.be\/wp-content\/uploads\/2025\/09\/536275643_1242494221009679_4917518083793266977_n-300x200.jpg 300w, https:\/\/eab-thumaide.be\/wp-content\/uploads\/2025\/09\/536275643_1242494221009679_4917518083793266977_n-768x512.jpg 768w, https:\/\/eab-thumaide.be\/wp-content\/uploads\/2025\/09\/536275643_1242494221009679_4917518083793266977_n-1536x1024.jpg 1536w, https:\/\/eab-thumaide.be\/wp-content\/uploads\/2025\/09\/536275643_1242494221009679_4917518083793266977_n-450x300.jpg 450w, https:\/\/eab-thumaide.be\/wp-content\/uploads\/2025\/09\/536275643_1242494221009679_4917518083793266977_n.jpg 2048w\" sizes=\"(max-width: 584px) 100vw, 584px\" \/>\t\t\t\t\t\t\t\t\t\t\t\t\t\t\t<\/div>\n\t\t\t\t<div class=\"elementor-element elementor-element-b9e5c12 elementor-widget elementor-widget-text-editor\" data-id=\"b9e5c12\" data-element_type=\"widget\" data-widget_type=\"text-editor.default\">\n\t\t\t\t\t\t\t\t\t<p><strong>Planeurs<\/strong><\/p>\t\t\t\t\t\t\t\t<\/div>\n\t\t\t\t<\/div>\n\t\t<div class=\"elementor-element elementor-element-2ae36c9 e-flex e-con-boxed e-con e-parent\" data-id=\"2ae36c9\" data-element_type=\"container\">\n\t\t\t\t\t<div class=\"e-con-inner\">\n\t\t\t\t<div class=\"elementor-element elementor-element-df6c5a7 elementor-shape-circle elementor-grid-0 e-grid-align-center elementor-widget elementor-widget-social-icons\" data-id=\"df6c5a7\" data-element_type=\"widget\" data-widget_type=\"social-icons.default\">\n\t\t\t\t\t\t\t<div class=\"elementor-social-icons-wrapper elementor-grid\" role=\"list\">\n\t\t\t\t\t\t\t<span class=\"elementor-grid-item\" role=\"listitem\">\n\t\t\t\t\t<a class=\"elementor-icon elementor-social-icon elementor-social-icon-facebook elementor-repeater-item-7904a51\" href=\"https:\/\/www.facebook.com\/profile.php?id=100057473378141\" target=\"_blank\">\n\t\t\t\t\t\t<span class=\"elementor-screen-only\">Facebook<\/span>\n\t\t\t\t\t\t<svg aria-hidden=\"true\" class=\"e-font-icon-svg e-fab-facebook\" viewBox=\"0 0 512 512\" xmlns=\"http:\/\/www.w3.org\/2000\/svg\"><path d=\"M504 256C504 119 393 8 256 8S8 119 8 256c0 123.78 90.69 226.38 209.25 245V327.69h-63V256h63v-54.64c0-62.15 37-96.48 93.67-96.48 27.14 0 55.52 4.84 55.52 4.84v61h-31.28c-30.8 0-40.41 19.12-40.41 38.73V256h68.78l-11 71.69h-57.78V501C413.31 482.38 504 379.78 504 256z\"><\/path><\/svg>\t\t\t\t\t<\/a>\n\t\t\t\t<\/span>\n\t\t\t\t\t\t\t<span class=\"elementor-grid-item\" role=\"listitem\">\n\t\t\t\t\t<a class=\"elementor-icon elementor-social-icon elementor-social-icon-youtube elementor-repeater-item-d93edc8\" href=\"https:\/\/www.youtube.com\/@eabthumaide\" target=\"_blank\">\n\t\t\t\t\t\t<span class=\"elementor-screen-only\">Youtube<\/span>\n\t\t\t\t\t\t<svg aria-hidden=\"true\" class=\"e-font-icon-svg e-fab-youtube\" viewBox=\"0 0 576 512\" xmlns=\"http:\/\/www.w3.org\/2000\/svg\"><path d=\"M549.655 124.083c-6.281-23.65-24.787-42.276-48.284-48.597C458.781 64 288 64 288 64S117.22 64 74.629 75.486c-23.497 6.322-42.003 24.947-48.284 48.597-11.412 42.867-11.412 132.305-11.412 132.305s0 89.438 11.412 132.305c6.281 23.65 24.787 41.5 48.284 47.821C117.22 448 288 448 288 448s170.78 0 213.371-11.486c23.497-6.321 42.003-24.171 48.284-47.821 11.412-42.867 11.412-132.305 11.412-132.305s0-89.438-11.412-132.305zm-317.51 213.508V175.185l142.739 81.205-142.739 81.201z\"><\/path><\/svg>\t\t\t\t\t<\/a>\n\t\t\t\t<\/span>\n\t\t\t\t\t<\/div>\n\t\t\t\t\t\t<\/div>\n\t\t\t\t\t<\/div>\n\t\t\t\t<\/div>\n\t\t\t\t<\/div>\n\t\t","protected":false},"excerpt":{"rendered":"<p>Le club d&rsquo;a\u00e9romod\u00e9lisme Equipe Acro Beloeil se situe sur la commune de Thumaide. Il est accessible 7 jours sur 7 pour ses membres. Les diff\u00e9rentes disciplines pratiqu\u00e9es au seins de notre a.s.b.l. sont: Avions thermiques et \u00e9lectriques Jets\u00a0 H\u00e9licopt\u00e8res Planeurs &hellip; <a href=\"https:\/\/eab-thumaide.be\/\">Continuer la lecture <span class=\"meta-nav\">&rarr;<\/span><\/a><\/p>\n","protected":false},"author":1,"featured_media":0,"parent":0,"menu_order":0,"comment_status":"closed","ping_status":"closed","template":"","meta":{"footnotes":""},"class_list":["post-97","page","type-page","status-publish","hentry"],"_links":{"self":[{"href":"https:\/\/eab-thumaide.be\/index.php\/wp-json\/wp\/v2\/pages\/97","targetHints":{"allow":["GET"]}}],"collection":[{"href":"https:\/\/eab-thumaide.be\/index.php\/wp-json\/wp\/v2\/pages"}],"about":[{"href":"https:\/\/eab-thumaide.be\/index.php\/wp-json\/wp\/v2\/types\/page"}],"author":[{"embeddable":true,"href":"https:\/\/eab-thumaide.be\/index.php\/wp-json\/wp\/v2\/users\/1"}],"replies":[{"embeddable":true,"href":"https:\/\/eab-thumaide.be\/index.php\/wp-json\/wp\/v2\/comments?post=97"}],"version-history":[{"count":19,"href":"https:\/\/eab-thumaide.be\/index.php\/wp-json\/wp\/v2\/pages\/97\/revisions"}],"predecessor-version":[{"id":185,"href":"https:\/\/eab-thumaide.be\/index.php\/wp-json\/wp\/v2\/pages\/97\/revisions\/185"}],"wp:attachment":[{"href":"https:\/\/eab-thumaide.be\/index.php\/wp-json\/wp\/v2\/media?parent=97"}],"curies":[{"name":"wp","href":"https:\/\/api.w.org\/{rel}","templated":true}]}}