{"id":42,"date":"2025-09-10T17:23:53","date_gmt":"2025-09-10T17:23:53","guid":{"rendered":"http:\/\/sjtredk.cluster100.hosting.ovh.net\/?page_id=42"},"modified":"2025-09-18T09:14:57","modified_gmt":"2025-09-18T09:14:57","slug":"notre-terrain","status":"publish","type":"page","link":"https:\/\/eab-thumaide.be\/index.php\/notre-terrain\/","title":{"rendered":"Notre terrain"},"content":{"rendered":"\n<figure class=\"wp-block-image size-large\"><img fetchpriority=\"high\" decoding=\"async\" width=\"1024\" height=\"576\" src=\"http:\/\/sjtredk.cluster100.hosting.ovh.net\/wp-content\/uploads\/2025\/09\/EAB00052dimensions-1-1024x576.jpg\" alt=\"\" class=\"wp-image-74\" srcset=\"https:\/\/eab-thumaide.be\/wp-content\/uploads\/2025\/09\/EAB00052dimensions-1-1024x576.jpg 1024w, https:\/\/eab-thumaide.be\/wp-content\/uploads\/2025\/09\/EAB00052dimensions-1-300x169.jpg 300w, https:\/\/eab-thumaide.be\/wp-content\/uploads\/2025\/09\/EAB00052dimensions-1-768x432.jpg 768w, https:\/\/eab-thumaide.be\/wp-content\/uploads\/2025\/09\/EAB00052dimensions-1-1536x864.jpg 1536w, https:\/\/eab-thumaide.be\/wp-content\/uploads\/2025\/09\/EAB00052dimensions-1-2048x1152.jpg 2048w, https:\/\/eab-thumaide.be\/wp-content\/uploads\/2025\/09\/EAB00052dimensions-1-500x281.jpg 500w\" sizes=\"(max-width: 1024px) 100vw, 1024px\" \/><\/figure>\n\n\n\n<h1 class=\"wp-block-heading\">L\u2019\u00e9quipe acro Beloeil vous accueille sur son terrain de Thumaide (50\u00b032&rsquo;29.8&Prime;N 3\u00b037&rsquo;00.8&Prime;E).<\/h1>\n\n\n\n<h1 class=\"wp-block-heading\">Sur un terrain de 96 ares, le club dispose de 2 pistes en herbe tondues r\u00e9guli\u00e8rement. La principale mesure 160 m\u00e8tres sur 20, la secondaire, 60 m\u00e8tres sur 20. Un vaste parking pour les pilotes est \u00e0 disposition \u00e0 proximit\u00e9 des pistes, prot\u00e9g\u00e9 par un grillage de s\u00e9curit\u00e9.<\/h1>\n\n\n\n<h1 class=\"wp-block-heading\">Le club House dispose de l\u2019\u00e9lectricit\u00e9 220 volts pour la recharge des accus.<\/h1>\n\n\n<div class=\"wp-block-image\">\n<figure class=\"aligncenter size-large\"><img decoding=\"async\" width=\"1024\" height=\"576\" src=\"http:\/\/sjtredk.cluster100.hosting.ovh.net\/wp-content\/uploads\/2025\/09\/EAB00062-1-1024x576.jpg\" alt=\"\" class=\"wp-image-53\" srcset=\"https:\/\/eab-thumaide.be\/wp-content\/uploads\/2025\/09\/EAB00062-1-1024x576.jpg 1024w, https:\/\/eab-thumaide.be\/wp-content\/uploads\/2025\/09\/EAB00062-1-300x169.jpg 300w, https:\/\/eab-thumaide.be\/wp-content\/uploads\/2025\/09\/EAB00062-1-768x432.jpg 768w, https:\/\/eab-thumaide.be\/wp-content\/uploads\/2025\/09\/EAB00062-1-1536x864.jpg 1536w, https:\/\/eab-thumaide.be\/wp-content\/uploads\/2025\/09\/EAB00062-1-2048x1152.jpg 2048w, https:\/\/eab-thumaide.be\/wp-content\/uploads\/2025\/09\/EAB00062-1-500x281.jpg 500w\" sizes=\"(max-width: 1024px) 100vw, 1024px\" \/><\/figure>\n<\/div>\n\n<div class=\"wp-block-image\">\n<figure class=\"aligncenter size-large\"><img decoding=\"async\" width=\"1024\" height=\"576\" src=\"http:\/\/sjtredk.cluster100.hosting.ovh.net\/wp-content\/uploads\/2025\/09\/EAB00004-1-1024x576.jpg\" alt=\"\" class=\"wp-image-51\" srcset=\"https:\/\/eab-thumaide.be\/wp-content\/uploads\/2025\/09\/EAB00004-1-1024x576.jpg 1024w, https:\/\/eab-thumaide.be\/wp-content\/uploads\/2025\/09\/EAB00004-1-300x169.jpg 300w, https:\/\/eab-thumaide.be\/wp-content\/uploads\/2025\/09\/EAB00004-1-768x432.jpg 768w, https:\/\/eab-thumaide.be\/wp-content\/uploads\/2025\/09\/EAB00004-1-1536x864.jpg 1536w, https:\/\/eab-thumaide.be\/wp-content\/uploads\/2025\/09\/EAB00004-1-2048x1152.jpg 2048w, https:\/\/eab-thumaide.be\/wp-content\/uploads\/2025\/09\/EAB00004-1-500x281.jpg 500w\" sizes=\"(max-width: 1024px) 100vw, 1024px\" \/><\/figure>\n<\/div>\n\n\n<figure class=\"wp-block-embed is-type-video is-provider-youtube wp-block-embed-youtube wp-embed-aspect-16-9 wp-has-aspect-ratio\"><div class=\"wp-block-embed__wrapper\">\n<iframe title=\"EAB Thumaide 360\u00b0\" width=\"584\" height=\"329\" src=\"https:\/\/www.youtube.com\/embed\/LWoNPKEcHn8?feature=oembed\" frameborder=\"0\" allow=\"accelerometer; autoplay; clipboard-write; encrypted-media; gyroscope; picture-in-picture; web-share\" referrerpolicy=\"strict-origin-when-cross-origin\" allowfullscreen><\/iframe>\n<\/div><\/figure>\n\n\n\n<p><\/p>\n","protected":false},"excerpt":{"rendered":"<p>L\u2019\u00e9quipe acro Beloeil vous accueille sur son terrain de Thumaide (50\u00b032&rsquo;29.8&Prime;N 3\u00b037&rsquo;00.8&Prime;E). Sur un terrain de 96 ares, le club dispose de 2 pistes en herbe tondues r\u00e9guli\u00e8rement. La principale mesure 160 m\u00e8tres sur 20, la secondaire, 60 m\u00e8tres sur &hellip; <a href=\"https:\/\/eab-thumaide.be\/index.php\/notre-terrain\/\">Continuer la lecture <span class=\"meta-nav\">&rarr;<\/span><\/a><\/p>\n","protected":false},"author":1,"featured_media":0,"parent":0,"menu_order":3,"comment_status":"closed","ping_status":"closed","template":"","meta":{"footnotes":""},"class_list":["post-42","page","type-page","status-publish","hentry"],"_links":{"self":[{"href":"https:\/\/eab-thumaide.be\/index.php\/wp-json\/wp\/v2\/pages\/42","targetHints":{"allow":["GET"]}}],"collection":[{"href":"https:\/\/eab-thumaide.be\/index.php\/wp-json\/wp\/v2\/pages"}],"about":[{"href":"https:\/\/eab-thumaide.be\/index.php\/wp-json\/wp\/v2\/types\/page"}],"author":[{"embeddable":true,"href":"https:\/\/eab-thumaide.be\/index.php\/wp-json\/wp\/v2\/users\/1"}],"replies":[{"embeddable":true,"href":"https:\/\/eab-thumaide.be\/index.php\/wp-json\/wp\/v2\/comments?post=42"}],"version-history":[{"count":9,"href":"https:\/\/eab-thumaide.be\/index.php\/wp-json\/wp\/v2\/pages\/42\/revisions"}],"predecessor-version":[{"id":193,"href":"https:\/\/eab-thumaide.be\/index.php\/wp-json\/wp\/v2\/pages\/42\/revisions\/193"}],"wp:attachment":[{"href":"https:\/\/eab-thumaide.be\/index.php\/wp-json\/wp\/v2\/media?parent=42"}],"curies":[{"name":"wp","href":"https:\/\/api.w.org\/{rel}","templated":true}]}}