{"id":37,"date":"2025-09-10T17:01:22","date_gmt":"2025-09-10T17:01:22","guid":{"rendered":"http:\/\/sjtredk.cluster100.hosting.ovh.net\/?page_id=37"},"modified":"2025-09-12T12:10:10","modified_gmt":"2025-09-12T12:10:10","slug":"le-comite","status":"publish","type":"page","link":"https:\/\/eab-thumaide.be\/index.php\/le-comite\/","title":{"rendered":"Le comit\u00e9"},"content":{"rendered":"\t\t<div data-elementor-type=\"wp-page\" data-elementor-id=\"37\" class=\"elementor elementor-37\">\n\t\t\t\t<div class=\"elementor-element elementor-element-f482c5c e-grid e-con-full e-con e-parent\" data-id=\"f482c5c\" data-element_type=\"container\">\n\t\t\t\t<div class=\"elementor-element elementor-element-2329644 elementor-widget elementor-widget-image\" data-id=\"2329644\" data-element_type=\"widget\" data-widget_type=\"image.default\">\n\t\t\t\t\t\t\t\t\t\t\t\t\t\t\t<img fetchpriority=\"high\" decoding=\"async\" width=\"584\" height=\"584\" src=\"https:\/\/eab-thumaide.be\/wp-content\/uploads\/2025\/09\/Stephane-President-2-1-1024x1024.jpg\" class=\"attachment-large size-large wp-image-81\" alt=\"\" srcset=\"https:\/\/eab-thumaide.be\/wp-content\/uploads\/2025\/09\/Stephane-President-2-1-1024x1024.jpg 1024w, https:\/\/eab-thumaide.be\/wp-content\/uploads\/2025\/09\/Stephane-President-2-1-300x300.jpg 300w, https:\/\/eab-thumaide.be\/wp-content\/uploads\/2025\/09\/Stephane-President-2-1-150x150.jpg 150w, https:\/\/eab-thumaide.be\/wp-content\/uploads\/2025\/09\/Stephane-President-2-1-768x768.jpg 768w, https:\/\/eab-thumaide.be\/wp-content\/uploads\/2025\/09\/Stephane-President-2-1.jpg 1535w\" sizes=\"(max-width: 584px) 100vw, 584px\" \/>\t\t\t\t\t\t\t\t\t\t\t\t\t\t\t<\/div>\n\t\t\t\t<div class=\"elementor-element elementor-element-9541e5b elementor-widget elementor-widget-text-editor\" data-id=\"9541e5b\" data-element_type=\"widget\" data-widget_type=\"text-editor.default\">\n\t\t\t\t\t\t\t\t\t<p>Stephane: Pr\u00e9sident<\/p>\t\t\t\t\t\t\t\t<\/div>\n\t\t\t\t<div class=\"elementor-element elementor-element-2d34798 elementor-widget elementor-widget-image\" data-id=\"2d34798\" data-element_type=\"widget\" data-widget_type=\"image.default\">\n\t\t\t\t\t\t\t\t\t\t\t\t\t\t\t<img decoding=\"async\" width=\"584\" height=\"584\" src=\"https:\/\/eab-thumaide.be\/wp-content\/uploads\/2025\/09\/Ruben-vise-president-1-1024x1024.jpg\" class=\"attachment-large size-large wp-image-83\" alt=\"\" srcset=\"https:\/\/eab-thumaide.be\/wp-content\/uploads\/2025\/09\/Ruben-vise-president-1-1024x1024.jpg 1024w, https:\/\/eab-thumaide.be\/wp-content\/uploads\/2025\/09\/Ruben-vise-president-1-300x300.jpg 300w, https:\/\/eab-thumaide.be\/wp-content\/uploads\/2025\/09\/Ruben-vise-president-1-150x150.jpg 150w, https:\/\/eab-thumaide.be\/wp-content\/uploads\/2025\/09\/Ruben-vise-president-1-768x768.jpg 768w, https:\/\/eab-thumaide.be\/wp-content\/uploads\/2025\/09\/Ruben-vise-president-1-1536x1536.jpg 1536w, https:\/\/eab-thumaide.be\/wp-content\/uploads\/2025\/09\/Ruben-vise-president-1.jpg 1636w\" sizes=\"(max-width: 584px) 100vw, 584px\" \/>\t\t\t\t\t\t\t\t\t\t\t\t\t\t\t<\/div>\n\t\t\t\t<div class=\"elementor-element elementor-element-042e9d9 elementor-widget elementor-widget-text-editor\" data-id=\"042e9d9\" data-element_type=\"widget\" data-widget_type=\"text-editor.default\">\n\t\t\t\t\t\t\t\t\t<p>Ruben: Vice-pr\u00e9sident<\/p>\t\t\t\t\t\t\t\t<\/div>\n\t\t\t\t<div class=\"elementor-element elementor-element-701911f elementor-widget elementor-widget-image\" data-id=\"701911f\" data-element_type=\"widget\" data-widget_type=\"image.default\">\n\t\t\t\t\t\t\t\t\t\t\t\t\t\t\t<img decoding=\"async\" width=\"584\" height=\"584\" src=\"https:\/\/eab-thumaide.be\/wp-content\/uploads\/2025\/09\/Alain-secretaire-1024x1024.jpg\" class=\"attachment-large size-large wp-image-78\" alt=\"\" srcset=\"https:\/\/eab-thumaide.be\/wp-content\/uploads\/2025\/09\/Alain-secretaire-1024x1024.jpg 1024w, https:\/\/eab-thumaide.be\/wp-content\/uploads\/2025\/09\/Alain-secretaire-300x300.jpg 300w, https:\/\/eab-thumaide.be\/wp-content\/uploads\/2025\/09\/Alain-secretaire-150x150.jpg 150w, https:\/\/eab-thumaide.be\/wp-content\/uploads\/2025\/09\/Alain-secretaire-768x768.jpg 768w, https:\/\/eab-thumaide.be\/wp-content\/uploads\/2025\/09\/Alain-secretaire-1536x1536.jpg 1536w, https:\/\/eab-thumaide.be\/wp-content\/uploads\/2025\/09\/Alain-secretaire.jpg 1666w\" sizes=\"(max-width: 584px) 100vw, 584px\" \/>\t\t\t\t\t\t\t\t\t\t\t\t\t\t\t<\/div>\n\t\t\t\t<div class=\"elementor-element elementor-element-ffe4373 elementor-widget elementor-widget-text-editor\" data-id=\"ffe4373\" data-element_type=\"widget\" data-widget_type=\"text-editor.default\">\n\t\t\t\t\t\t\t\t\t<p>Alain: Secr\u00e9taire \/ Tr\u00e9sorier<\/p>\t\t\t\t\t\t\t\t<\/div>\n\t\t\t\t<div class=\"elementor-element elementor-element-646e450 elementor-widget elementor-widget-image\" data-id=\"646e450\" data-element_type=\"widget\" data-widget_type=\"image.default\">\n\t\t\t\t\t\t\t\t\t\t\t\t\t\t\t<img loading=\"lazy\" decoding=\"async\" width=\"584\" height=\"585\" src=\"https:\/\/eab-thumaide.be\/wp-content\/uploads\/2025\/09\/Ludo-administrateur-1.jpg\" class=\"attachment-large size-large wp-image-86\" alt=\"\" srcset=\"https:\/\/eab-thumaide.be\/wp-content\/uploads\/2025\/09\/Ludo-administrateur-1.jpg 605w, https:\/\/eab-thumaide.be\/wp-content\/uploads\/2025\/09\/Ludo-administrateur-1-300x300.jpg 300w, https:\/\/eab-thumaide.be\/wp-content\/uploads\/2025\/09\/Ludo-administrateur-1-150x150.jpg 150w\" sizes=\"(max-width: 584px) 100vw, 584px\" \/>\t\t\t\t\t\t\t\t\t\t\t\t\t\t\t<\/div>\n\t\t\t\t<div class=\"elementor-element elementor-element-e67f8ce elementor-widget elementor-widget-text-editor\" data-id=\"e67f8ce\" data-element_type=\"widget\" data-widget_type=\"text-editor.default\">\n\t\t\t\t\t\t\t\t\t<p>Ludo.: Administrateur<\/p>\t\t\t\t\t\t\t\t<\/div>\n\t\t\t\t<\/div>\n\t\t\t\t<\/div>\n\t\t","protected":false},"excerpt":{"rendered":"<p>Stephane: Pr\u00e9sident Ruben: Vice-pr\u00e9sident Alain: Secr\u00e9taire \/ Tr\u00e9sorier Ludo.: Administrateur<\/p>\n","protected":false},"author":1,"featured_media":0,"parent":0,"menu_order":4,"comment_status":"closed","ping_status":"closed","template":"","meta":{"footnotes":""},"class_list":["post-37","page","type-page","status-publish","hentry"],"_links":{"self":[{"href":"https:\/\/eab-thumaide.be\/index.php\/wp-json\/wp\/v2\/pages\/37","targetHints":{"allow":["GET"]}}],"collection":[{"href":"https:\/\/eab-thumaide.be\/index.php\/wp-json\/wp\/v2\/pages"}],"about":[{"href":"https:\/\/eab-thumaide.be\/index.php\/wp-json\/wp\/v2\/types\/page"}],"author":[{"embeddable":true,"href":"https:\/\/eab-thumaide.be\/index.php\/wp-json\/wp\/v2\/users\/1"}],"replies":[{"embeddable":true,"href":"https:\/\/eab-thumaide.be\/index.php\/wp-json\/wp\/v2\/comments?post=37"}],"version-history":[{"count":9,"href":"https:\/\/eab-thumaide.be\/index.php\/wp-json\/wp\/v2\/pages\/37\/revisions"}],"predecessor-version":[{"id":163,"href":"https:\/\/eab-thumaide.be\/index.php\/wp-json\/wp\/v2\/pages\/37\/revisions\/163"}],"wp:attachment":[{"href":"https:\/\/eab-thumaide.be\/index.php\/wp-json\/wp\/v2\/media?parent=37"}],"curies":[{"name":"wp","href":"https:\/\/api.w.org\/{rel}","templated":true}]}}