{"id":23,"date":"2025-09-10T13:21:58","date_gmt":"2025-09-10T13:21:58","guid":{"rendered":"http:\/\/sjtredk.cluster100.hosting.ovh.net\/?page_id=23"},"modified":"2025-10-01T16:55:42","modified_gmt":"2025-10-01T16:55:42","slug":"histoire-du-club-eab","status":"publish","type":"page","link":"https:\/\/eab-thumaide.be\/index.php\/histoire-du-club-eab\/","title":{"rendered":"Histoire du club EAB"},"content":{"rendered":"\t\t<div data-elementor-type=\"wp-page\" data-elementor-id=\"23\" class=\"elementor elementor-23\">\n\t\t\t\t<div class=\"elementor-element elementor-element-f8e917a e-grid e-con-boxed e-con e-parent\" data-id=\"f8e917a\" data-element_type=\"container\">\n\t\t\t\t\t<div class=\"e-con-inner\">\n\t\t\t\t<div class=\"elementor-element elementor-element-50f9653 elementor-widget elementor-widget-image\" data-id=\"50f9653\" data-element_type=\"widget\" data-widget_type=\"image.default\">\n\t\t\t\t\t\t\t\t\t\t\t\t\t\t\t<img fetchpriority=\"high\" decoding=\"async\" width=\"584\" height=\"417\" src=\"https:\/\/eab-thumaide.be\/wp-content\/uploads\/2025\/09\/Bauffes-1974-1024x732.jpg\" class=\"attachment-large size-large wp-image-16\" alt=\"\" srcset=\"https:\/\/eab-thumaide.be\/wp-content\/uploads\/2025\/09\/Bauffes-1974-1024x732.jpg 1024w, https:\/\/eab-thumaide.be\/wp-content\/uploads\/2025\/09\/Bauffes-1974-300x214.jpg 300w, https:\/\/eab-thumaide.be\/wp-content\/uploads\/2025\/09\/Bauffes-1974-768x549.jpg 768w, https:\/\/eab-thumaide.be\/wp-content\/uploads\/2025\/09\/Bauffes-1974-1536x1098.jpg 1536w, https:\/\/eab-thumaide.be\/wp-content\/uploads\/2025\/09\/Bauffes-1974-2048x1464.jpg 2048w, https:\/\/eab-thumaide.be\/wp-content\/uploads\/2025\/09\/Bauffes-1974-420x300.jpg 420w\" sizes=\"(max-width: 584px) 100vw, 584px\" \/>\t\t\t\t\t\t\t\t\t\t\t\t\t\t\t<\/div>\n\t\t\t\t<div class=\"elementor-element elementor-element-89b61f0 elementor-widget elementor-widget-text-editor\" data-id=\"89b61f0\" data-element_type=\"widget\" data-widget_type=\"text-editor.default\">\n\t\t\t\t\t\t\t\t\t<p><span style=\"font-weight: 400;\">Le club f\u00fbt fond\u00e9 le 9 f\u00e9vrier 1974 par Gilbert Lefebvre et son fils Jean.\u00a0 Jean Poignard en \u00e9tait le secr\u00e9taire. Le club portait le nom d\u2019Equipe Acro Chi\u00e8vres (E.A.C). Les terrains se situaient sur une piste en dur \u00e0 Bauffe ainsi qu\u2019un petit terrain du c\u00f4t\u00e9 d\u2019Anvaing saint-Sauveur (pas tr\u00e8s loin de l\u2019ath\u00e9n\u00e9e).<\/span><\/p>\t\t\t\t\t\t\t\t<\/div>\n\t\t\t\t<div class=\"elementor-element elementor-element-195203c elementor-widget elementor-widget-image\" data-id=\"195203c\" data-element_type=\"widget\" data-widget_type=\"image.default\">\n\t\t\t\t\t\t\t\t\t\t\t\t\t\t\t<img decoding=\"async\" width=\"584\" height=\"430\" src=\"https:\/\/eab-thumaide.be\/wp-content\/uploads\/2025\/09\/Tourpes-1974-1024x754.jpg\" class=\"attachment-large size-large wp-image-33\" alt=\"\" srcset=\"https:\/\/eab-thumaide.be\/wp-content\/uploads\/2025\/09\/Tourpes-1974-1024x754.jpg 1024w, https:\/\/eab-thumaide.be\/wp-content\/uploads\/2025\/09\/Tourpes-1974-300x221.jpg 300w, https:\/\/eab-thumaide.be\/wp-content\/uploads\/2025\/09\/Tourpes-1974-768x565.jpg 768w, https:\/\/eab-thumaide.be\/wp-content\/uploads\/2025\/09\/Tourpes-1974-408x300.jpg 408w, https:\/\/eab-thumaide.be\/wp-content\/uploads\/2025\/09\/Tourpes-1974.jpg 1367w\" sizes=\"(max-width: 584px) 100vw, 584px\" \/>\t\t\t\t\t\t\t\t\t\t\t\t\t\t\t<\/div>\n\t\t\t\t<div class=\"elementor-element elementor-element-59880e4 elementor-widget elementor-widget-text-editor\" data-id=\"59880e4\" data-element_type=\"widget\" data-widget_type=\"text-editor.default\">\n\t\t\t\t\t\t\t\t\t<p><span style=\"font-weight: 400;\">Le 21 mars 1974, un mois plus tard, 1<\/span><span style=\"font-weight: 400;\">er<\/span><span style=\"font-weight: 400;\"> changement de nom l\u2019EAC prend le nom de E.A.C.L., comprenez Equipe Acro Chi\u00e8vres\/Leuze.<\/span><\/p>\n<p><span style=\"font-weight: 400;\">Nouveau d\u00e9m\u00e9nagement pour les membres, le club s\u2019\u00e9tablit \u00e0 Tourpes, puis Grandmetz.<\/span><\/p>\t\t\t\t\t\t\t\t<\/div>\n\t\t\t\t<div class=\"elementor-element elementor-element-38b6bbb elementor-widget elementor-widget-image\" data-id=\"38b6bbb\" data-element_type=\"widget\" data-widget_type=\"image.default\">\n\t\t\t\t\t\t\t\t\t\t\t\t\t\t\t<img decoding=\"async\" width=\"584\" height=\"398\" src=\"https:\/\/eab-thumaide.be\/wp-content\/uploads\/2025\/09\/Thumaide-1979-1024x698.jpg\" class=\"attachment-large size-large wp-image-57\" alt=\"\" srcset=\"https:\/\/eab-thumaide.be\/wp-content\/uploads\/2025\/09\/Thumaide-1979-1024x698.jpg 1024w, https:\/\/eab-thumaide.be\/wp-content\/uploads\/2025\/09\/Thumaide-1979-300x204.jpg 300w, https:\/\/eab-thumaide.be\/wp-content\/uploads\/2025\/09\/Thumaide-1979-768x523.jpg 768w, https:\/\/eab-thumaide.be\/wp-content\/uploads\/2025\/09\/Thumaide-1979-440x300.jpg 440w, https:\/\/eab-thumaide.be\/wp-content\/uploads\/2025\/09\/Thumaide-1979.jpg 1126w\" sizes=\"(max-width: 584px) 100vw, 584px\" \/>\t\t\t\t\t\t\t\t\t\t\t\t\t\t\t<\/div>\n\t\t\t\t<div class=\"elementor-element elementor-element-b1a95be elementor-widget elementor-widget-text-editor\" data-id=\"b1a95be\" data-element_type=\"widget\" data-widget_type=\"text-editor.default\">\n\t\t\t\t\t\t\t\t\t<p><span style=\"font-weight: 400;\">1978, chass\u00e9 par les riverains, le club s\u2019installe par le plus grand des hasards \u00e0 Thumaide sur l\u2019a\u00e9rodrome de Bury. Les pilotes grandeurs et radiocommand\u00e9s se partagent le ciel.<\/span><\/p>\t\t\t\t\t\t\t\t<\/div>\n\t\t\t\t<div class=\"elementor-element elementor-element-e67cc6d elementor-widget elementor-widget-image\" data-id=\"e67cc6d\" data-element_type=\"widget\" data-widget_type=\"image.default\">\n\t\t\t\t\t\t\t\t\t\t\t\t\t\t\t<img loading=\"lazy\" decoding=\"async\" width=\"584\" height=\"458\" src=\"https:\/\/eab-thumaide.be\/wp-content\/uploads\/2025\/09\/Club-House-Thumaide-1984.jpg\" class=\"attachment-large size-large wp-image-59\" alt=\"\" srcset=\"https:\/\/eab-thumaide.be\/wp-content\/uploads\/2025\/09\/Club-House-Thumaide-1984.jpg 720w, https:\/\/eab-thumaide.be\/wp-content\/uploads\/2025\/09\/Club-House-Thumaide-1984-300x235.jpg 300w, https:\/\/eab-thumaide.be\/wp-content\/uploads\/2025\/09\/Club-House-Thumaide-1984-382x300.jpg 382w\" sizes=\"(max-width: 584px) 100vw, 584px\" \/>\t\t\t\t\t\t\t\t\t\t\t\t\t\t\t<\/div>\n\t\t\t\t<div class=\"elementor-element elementor-element-453c8c2 elementor-widget elementor-widget-text-editor\" data-id=\"453c8c2\" data-element_type=\"widget\" data-widget_type=\"text-editor.default\">\n\t\t\t\t\t\t\t\t\t<p><span style=\"font-weight: 400;\">26 Janvier 1980, nouveau changement de nom qui deviendra le nom d\u00e9finitif du club, l\u2019Equipe Acro Beloeil (EAB) s\u2019installe sur l\u2019a\u00e9rodrome de Bury qui est en train de fermer ses portes \u00e0 cause de la construction de l\u2019incin\u00e9rateur, laissant au club RC toute les infrastructures de l\u2019a\u00e9rodrome. Nous devenons propri\u00e9taires de la petite piste et du club house.<\/span><\/p>\t\t\t\t\t\t\t\t<\/div>\n\t\t\t\t<div class=\"elementor-element elementor-element-4b1696b elementor-widget elementor-widget-image\" data-id=\"4b1696b\" data-element_type=\"widget\" data-widget_type=\"image.default\">\n\t\t\t\t\t\t\t\t\t\t\t\t\t\t\t<img loading=\"lazy\" decoding=\"async\" width=\"584\" height=\"438\" src=\"https:\/\/eab-thumaide.be\/wp-content\/uploads\/2025\/09\/Thumaide-2000.jpg\" class=\"attachment-large size-large wp-image-64\" alt=\"\" srcset=\"https:\/\/eab-thumaide.be\/wp-content\/uploads\/2025\/09\/Thumaide-2000.jpg 604w, https:\/\/eab-thumaide.be\/wp-content\/uploads\/2025\/09\/Thumaide-2000-300x225.jpg 300w, https:\/\/eab-thumaide.be\/wp-content\/uploads\/2025\/09\/Thumaide-2000-400x300.jpg 400w\" sizes=\"(max-width: 584px) 100vw, 584px\" \/>\t\t\t\t\t\t\t\t\t\t\t\t\t\t\t<\/div>\n\t\t\t\t<div class=\"elementor-element elementor-element-1ea58df elementor-widget elementor-widget-text-editor\" data-id=\"1ea58df\" data-element_type=\"widget\" data-widget_type=\"text-editor.default\">\n\t\t\t\t\t\t\t\t\t<p><span style=\"font-weight: 400;\">Dans les ann\u00e9es 2000, le club house original de l\u2019a\u00e9rodrome se d\u00e9grade. Un nouveau chalet vient remplacer l\u2019ancien.<\/span><\/p>\t\t\t\t\t\t\t\t<\/div>\n\t\t\t\t<div class=\"elementor-element elementor-element-2d82b78 elementor-widget elementor-widget-image\" data-id=\"2d82b78\" data-element_type=\"widget\" data-widget_type=\"image.default\">\n\t\t\t\t\t\t\t\t\t\t\t\t\t\t\t<img loading=\"lazy\" decoding=\"async\" width=\"584\" height=\"438\" src=\"https:\/\/eab-thumaide.be\/wp-content\/uploads\/2025\/09\/Thumaide-2012-installation-nouvelle-piste-1024x768.jpg\" class=\"attachment-large size-large wp-image-189\" alt=\"\" srcset=\"https:\/\/eab-thumaide.be\/wp-content\/uploads\/2025\/09\/Thumaide-2012-installation-nouvelle-piste-1024x768.jpg 1024w, https:\/\/eab-thumaide.be\/wp-content\/uploads\/2025\/09\/Thumaide-2012-installation-nouvelle-piste-300x225.jpg 300w, https:\/\/eab-thumaide.be\/wp-content\/uploads\/2025\/09\/Thumaide-2012-installation-nouvelle-piste-768x576.jpg 768w, https:\/\/eab-thumaide.be\/wp-content\/uploads\/2025\/09\/Thumaide-2012-installation-nouvelle-piste-1536x1152.jpg 1536w, https:\/\/eab-thumaide.be\/wp-content\/uploads\/2025\/09\/Thumaide-2012-installation-nouvelle-piste-2048x1536.jpg 2048w, https:\/\/eab-thumaide.be\/wp-content\/uploads\/2025\/09\/Thumaide-2012-installation-nouvelle-piste-400x300.jpg 400w\" sizes=\"(max-width: 584px) 100vw, 584px\" \/>\t\t\t\t\t\t\t\t\t\t\t\t\t\t\t<\/div>\n\t\t\t\t<div class=\"elementor-element elementor-element-00b1c61 elementor-widget elementor-widget-text-editor\" data-id=\"00b1c61\" data-element_type=\"widget\" data-widget_type=\"text-editor.default\">\n\t\t\t\t\t\t\t\t\t<p><span style=\"font-weight: 400;\">En 2012, une modification du terrain est apport\u00e9e, nouvelles piste, nouveau parking pilote.<\/span><\/p>\t\t\t\t\t\t\t\t<\/div>\n\t\t\t\t<div class=\"elementor-element elementor-element-9889477 elementor-widget elementor-widget-image\" data-id=\"9889477\" data-element_type=\"widget\" data-widget_type=\"image.default\">\n\t\t\t\t\t\t\t\t\t\t\t\t\t\t\t<img loading=\"lazy\" decoding=\"async\" width=\"1\" height=\"1\" src=\"https:\/\/eab-thumaide.be\/wp-content\/uploads\/2025\/09\/DS2_8918.jpg\" class=\"attachment-large size-large wp-image-68\" alt=\"\" \/>\t\t\t\t\t\t\t\t\t\t\t\t\t\t\t<\/div>\n\t\t\t\t<div class=\"elementor-element elementor-element-1a053f8 elementor-widget elementor-widget-text-editor\" data-id=\"1a053f8\" data-element_type=\"widget\" data-widget_type=\"text-editor.default\">\n\t\t\t\t\t\t\t\t\t<p>2024, Notre club f\u00eate ses 50 ans.<\/p><p>Lors de notre Show annuel, nous avons f\u00eat\u00e9 \u00e7a par le passage de la patrouille des Red Devils<\/p>\t\t\t\t\t\t\t\t<\/div>\n\t\t\t\t\t<\/div>\n\t\t\t\t<\/div>\n\t\t\t\t<\/div>\n\t\t","protected":false},"excerpt":{"rendered":"<p>Le club f\u00fbt fond\u00e9 le 9 f\u00e9vrier 1974 par Gilbert Lefebvre et son fils Jean.\u00a0 Jean Poignard en \u00e9tait le secr\u00e9taire. Le club portait le nom d\u2019Equipe Acro Chi\u00e8vres (E.A.C). Les terrains se situaient sur une piste en dur \u00e0 &hellip; <a href=\"https:\/\/eab-thumaide.be\/index.php\/histoire-du-club-eab\/\">Continuer la lecture <span class=\"meta-nav\">&rarr;<\/span><\/a><\/p>\n","protected":false},"author":1,"featured_media":0,"parent":0,"menu_order":2,"comment_status":"closed","ping_status":"closed","template":"","meta":{"footnotes":""},"class_list":["post-23","page","type-page","status-publish","hentry"],"_links":{"self":[{"href":"https:\/\/eab-thumaide.be\/index.php\/wp-json\/wp\/v2\/pages\/23","targetHints":{"allow":["GET"]}}],"collection":[{"href":"https:\/\/eab-thumaide.be\/index.php\/wp-json\/wp\/v2\/pages"}],"about":[{"href":"https:\/\/eab-thumaide.be\/index.php\/wp-json\/wp\/v2\/types\/page"}],"author":[{"embeddable":true,"href":"https:\/\/eab-thumaide.be\/index.php\/wp-json\/wp\/v2\/users\/1"}],"replies":[{"embeddable":true,"href":"https:\/\/eab-thumaide.be\/index.php\/wp-json\/wp\/v2\/comments?post=23"}],"version-history":[{"count":20,"href":"https:\/\/eab-thumaide.be\/index.php\/wp-json\/wp\/v2\/pages\/23\/revisions"}],"predecessor-version":[{"id":202,"href":"https:\/\/eab-thumaide.be\/index.php\/wp-json\/wp\/v2\/pages\/23\/revisions\/202"}],"wp:attachment":[{"href":"https:\/\/eab-thumaide.be\/index.php\/wp-json\/wp\/v2\/media?parent=23"}],"curies":[{"name":"wp","href":"https:\/\/api.w.org\/{rel}","templated":true}]}}